{"id":5594,"date":"2023-08-03T15:37:58","date_gmt":"2023-08-03T13:37:58","guid":{"rendered":"https:\/\/healthmag.al\/?page_id=5594"},"modified":"2023-08-03T15:37:58","modified_gmt":"2023-08-03T13:37:58","slug":"cambridge-clinical-laboratories-sjell-liderin-global-ne-testimin-prenatal-ne-shqiperi-vanadis-nipt","status":"publish","type":"page","link":"https:\/\/healthmag.al\/index.php\/cambridge-clinical-laboratories-sjell-liderin-global-ne-testimin-prenatal-ne-shqiperi-vanadis-nipt\/","title":{"rendered":"Cambridge Clinical Laboratories sjell liderin global n\u00eb testimin prenatal n\u00eb Shqip\u00ebri: Vanadis\u00ae NIPT"},"content":{"rendered":"<p>T\u00eb q\u00ebnurit lider n\u00eb cil\u00ebsi dhe inovacion n\u00eb kujdesin sh\u00ebndet\u00ebsor \u00ebsht\u00eb vizioni q\u00eb q\u00ebndron n\u00eb themelet e Cambridge Clinical Laboratories, ndaj jemi gjithnj\u00eb t\u00eb par\u00ebt n\u00eb adoptimin e teknologjive t\u00eb reja p\u00ebr diagnostikim.<\/p>\n<p>Ne jemi krenar\u00eb q\u00eb kemi ngritur nj\u00eb laborator me pajisjet m\u00eb cil\u00ebsore teknologjike dhe inovative n\u00eb bot\u00eb, sic \u00ebsht\u00eb dhe sistemi Vanadis\u00ae NIPT: Teknologji precize nga lider n\u00eb bot\u00eb n\u00eb testimin prenatal.<\/p>\n<p>Me zgjidhjen Vanadis\u00ae NIPT me performanc\u00eb t\u00eb lart\u00eb, ne po leht\u00ebsojm\u00eb pjes\u00ebn m\u00eb t\u00eb madhe t\u00eb kompleksitetit t\u00eb testimit t\u00eb ADN-s\u00eb pa qeliza (cfDNA), duke e b\u00ebr\u00eb at\u00eb t\u00eb aksesuesh\u00ebm p\u00ebr m\u00eb shum\u00eb gra \u2013 dhe m\u00eb kosto efektive .<\/p>\n<p>&nbsp;<\/p>\n<p><strong><em>Me NIPT, sakt\u00ebsia \u00ebsht\u00eb gjith\u00e7ka!<\/em><\/strong><strong><em>\u00a0<\/em><\/strong><\/p>\n<p>Duke synuar mij\u00ebra sekuenca kromozomale, platforma Vanadis\u00ae mund t\u00eb num\u00ebroj\u00eb mesatarisht 650,000 molekula p\u00ebr kromozom. Sakt\u00ebsia e lart\u00eb e arritur p\u00ebrmes p\u00ebrfshirjes s\u00eb num\u00ebrimit me rendiment t\u00eb lart\u00eb dhe eliminimit t\u00eb PCR\u00a0 mund\u00ebson analizimin e t\u00eb gjitha mostrave pa eliminuar ato me fraksion t\u00eb ul\u00ebt fetal.<em>\u00a0<\/em><\/p>\n<p><strong><em>Partneri juaj <\/em><\/strong><strong><em>n\u00eb diagnostikimin e sakt\u00eb prenatal<\/em><\/strong><\/p>\n<p>Kur b\u00ebhet fjal\u00eb p\u00ebr vler\u00ebsimin e rrezikut dhe diagnostikimin e aneuploidis\u00eb prenatale dhe pre-eklampsis\u00eb, zbulimi i hersh\u00ebm \u00ebsht\u00eb thelb\u00ebsor. Rezultatet e sakta, bazuar n\u00eb analizat e v\u00ebrtetuara klinikisht dhe t\u00eb dh\u00ebnat gjith\u00ebp\u00ebrfshir\u00ebse t\u00eb diagnostikimit\u00a0 t\u00eb popullsis\u00eb, sigurojn\u00eb zgjedhje m\u00eb t\u00eb informuara me testime minimale t\u00eb m\u00ebvonshme dhe procedura invazive. Ata gjithashtu u japin grave besimin q\u00eb u nevojitet p\u00ebr t\u00eb planifikuar dhe menaxhuar shtatz\u00ebnit\u00eb e tyre pa pasiguri apo shqet\u00ebsime t\u00eb panevojshme.<\/p>\n<p>&nbsp;<\/p>\n<p>&nbsp;<\/p>\n<p>&nbsp;<\/p>\n","protected":false},"excerpt":{"rendered":"<p>T\u00eb q\u00ebnurit lider n\u00eb cil\u00ebsi dhe inovacion n\u00eb kujdesin sh\u00ebndet\u00ebsor \u00ebsht\u00eb vizioni q\u00eb q\u00ebndron n\u00eb themelet e Cambridge Clinical Laboratories, ndaj jemi gjithnj\u00eb t\u00eb par\u00ebt n\u00eb adoptimin e teknologjive t\u00eb reja p\u00ebr diagnostikim. Ne jemi krenar\u00eb q\u00eb kemi ngritur nj\u00eb laborator me pajisjet m\u00eb cil\u00ebsore teknologjike dhe inovative n\u00eb bot\u00eb, sic \u00ebsht\u00eb dhe sistemi Vanadis\u00ae [&hellip;]<\/p>\n","protected":false},"author":1,"featured_media":5596,"parent":0,"menu_order":0,"comment_status":"closed","ping_status":"closed","template":"","meta":{"footnotes":""},"class_list":["post-5594","page","type-page","status-publish","has-post-thumbnail"],"yoast_head":"<!-- This site is optimized with the Yoast SEO plugin v23.9 - https:\/\/yoast.com\/wordpress\/plugins\/seo\/ -->\n<title>Cambridge Clinical Laboratories sjell liderin global n\u00eb testimin prenatal n\u00eb Shqip\u00ebri: Vanadis\u00ae NIPT - Health Mag<\/title>\n<meta name=\"robots\" content=\"index, follow, max-snippet:-1, max-image-preview:large, max-video-preview:-1\" \/>\n<link rel=\"canonical\" href=\"https:\/\/healthmag.al\/index.php\/cambridge-clinical-laboratories-sjell-liderin-global-ne-testimin-prenatal-ne-shqiperi-vanadis-nipt\/\" \/>\n<meta property=\"og:locale\" content=\"en_US\" \/>\n<meta property=\"og:type\" content=\"article\" \/>\n<meta property=\"og:title\" content=\"Cambridge Clinical Laboratories sjell liderin global n\u00eb testimin prenatal n\u00eb Shqip\u00ebri: Vanadis\u00ae NIPT - Health Mag\" \/>\n<meta property=\"og:description\" content=\"T\u00eb q\u00ebnurit lider n\u00eb cil\u00ebsi dhe inovacion n\u00eb kujdesin sh\u00ebndet\u00ebsor \u00ebsht\u00eb vizioni q\u00eb q\u00ebndron n\u00eb themelet e Cambridge Clinical Laboratories, ndaj jemi gjithnj\u00eb t\u00eb par\u00ebt n\u00eb adoptimin e teknologjive t\u00eb reja p\u00ebr diagnostikim. Ne jemi krenar\u00eb q\u00eb kemi ngritur nj\u00eb laborator me pajisjet m\u00eb cil\u00ebsore teknologjike dhe inovative n\u00eb bot\u00eb, sic \u00ebsht\u00eb dhe sistemi Vanadis\u00ae [&hellip;]\" \/>\n<meta property=\"og:url\" content=\"https:\/\/healthmag.al\/index.php\/cambridge-clinical-laboratories-sjell-liderin-global-ne-testimin-prenatal-ne-shqiperi-vanadis-nipt\/\" \/>\n<meta property=\"og:site_name\" content=\"Health Mag\" \/>\n<meta property=\"og:image\" content=\"https:\/\/healthmag.al\/wp-content\/uploads\/2023\/08\/ccl-boteror.jpg\" \/>\n\t<meta property=\"og:image:width\" content=\"1920\" \/>\n\t<meta property=\"og:image:height\" content=\"904\" \/>\n\t<meta property=\"og:image:type\" content=\"image\/jpeg\" \/>\n<meta name=\"twitter:card\" content=\"summary_large_image\" \/>\n<meta name=\"twitter:label1\" content=\"Est. reading time\" \/>\n\t<meta name=\"twitter:data1\" content=\"2 minutes\" \/>\n<script type=\"application\/ld+json\" class=\"yoast-schema-graph\">{\"@context\":\"https:\/\/schema.org\",\"@graph\":[{\"@type\":\"WebPage\",\"@id\":\"https:\/\/healthmag.al\/index.php\/cambridge-clinical-laboratories-sjell-liderin-global-ne-testimin-prenatal-ne-shqiperi-vanadis-nipt\/\",\"url\":\"https:\/\/healthmag.al\/index.php\/cambridge-clinical-laboratories-sjell-liderin-global-ne-testimin-prenatal-ne-shqiperi-vanadis-nipt\/\",\"name\":\"Cambridge Clinical Laboratories sjell liderin global n\u00eb testimin prenatal n\u00eb Shqip\u00ebri: Vanadis\u00ae NIPT - Health Mag\",\"isPartOf\":{\"@id\":\"https:\/\/healthmag.al\/#website\"},\"primaryImageOfPage\":{\"@id\":\"https:\/\/healthmag.al\/index.php\/cambridge-clinical-laboratories-sjell-liderin-global-ne-testimin-prenatal-ne-shqiperi-vanadis-nipt\/#primaryimage\"},\"image\":{\"@id\":\"https:\/\/healthmag.al\/index.php\/cambridge-clinical-laboratories-sjell-liderin-global-ne-testimin-prenatal-ne-shqiperi-vanadis-nipt\/#primaryimage\"},\"thumbnailUrl\":\"https:\/\/healthmag.al\/wp-content\/uploads\/2023\/08\/ccl-boteror.jpg\",\"datePublished\":\"2023-08-03T13:37:58+00:00\",\"dateModified\":\"2023-08-03T13:37:58+00:00\",\"breadcrumb\":{\"@id\":\"https:\/\/healthmag.al\/index.php\/cambridge-clinical-laboratories-sjell-liderin-global-ne-testimin-prenatal-ne-shqiperi-vanadis-nipt\/#breadcrumb\"},\"inLanguage\":\"en-US\",\"potentialAction\":[{\"@type\":\"ReadAction\",\"target\":[\"https:\/\/healthmag.al\/index.php\/cambridge-clinical-laboratories-sjell-liderin-global-ne-testimin-prenatal-ne-shqiperi-vanadis-nipt\/\"]}]},{\"@type\":\"ImageObject\",\"inLanguage\":\"en-US\",\"@id\":\"https:\/\/healthmag.al\/index.php\/cambridge-clinical-laboratories-sjell-liderin-global-ne-testimin-prenatal-ne-shqiperi-vanadis-nipt\/#primaryimage\",\"url\":\"https:\/\/healthmag.al\/wp-content\/uploads\/2023\/08\/ccl-boteror.jpg\",\"contentUrl\":\"https:\/\/healthmag.al\/wp-content\/uploads\/2023\/08\/ccl-boteror.jpg\",\"width\":1920,\"height\":904},{\"@type\":\"BreadcrumbList\",\"@id\":\"https:\/\/healthmag.al\/index.php\/cambridge-clinical-laboratories-sjell-liderin-global-ne-testimin-prenatal-ne-shqiperi-vanadis-nipt\/#breadcrumb\",\"itemListElement\":[{\"@type\":\"ListItem\",\"position\":1,\"name\":\"Home\",\"item\":\"https:\/\/healthmag.al\/\"},{\"@type\":\"ListItem\",\"position\":2,\"name\":\"Cambridge Clinical Laboratories sjell liderin global n\u00eb testimin prenatal n\u00eb Shqip\u00ebri: Vanadis\u00ae NIPT\"}]},{\"@type\":\"WebSite\",\"@id\":\"https:\/\/healthmag.al\/#website\",\"url\":\"https:\/\/healthmag.al\/\",\"name\":\"Health Mag\",\"description\":\"Gjith\u00e7ka rreth sh\u00ebndetit\",\"potentialAction\":[{\"@type\":\"SearchAction\",\"target\":{\"@type\":\"EntryPoint\",\"urlTemplate\":\"https:\/\/healthmag.al\/?s={search_term_string}\"},\"query-input\":{\"@type\":\"PropertyValueSpecification\",\"valueRequired\":true,\"valueName\":\"search_term_string\"}}],\"inLanguage\":\"en-US\"}]}<\/script>\n<!-- \/ Yoast SEO plugin. -->","yoast_head_json":{"title":"Cambridge Clinical Laboratories sjell liderin global n\u00eb testimin prenatal n\u00eb Shqip\u00ebri: Vanadis\u00ae NIPT - Health Mag","robots":{"index":"index","follow":"follow","max-snippet":"max-snippet:-1","max-image-preview":"max-image-preview:large","max-video-preview":"max-video-preview:-1"},"canonical":"https:\/\/healthmag.al\/index.php\/cambridge-clinical-laboratories-sjell-liderin-global-ne-testimin-prenatal-ne-shqiperi-vanadis-nipt\/","og_locale":"en_US","og_type":"article","og_title":"Cambridge Clinical Laboratories sjell liderin global n\u00eb testimin prenatal n\u00eb Shqip\u00ebri: Vanadis\u00ae NIPT - Health Mag","og_description":"T\u00eb q\u00ebnurit lider n\u00eb cil\u00ebsi dhe inovacion n\u00eb kujdesin sh\u00ebndet\u00ebsor \u00ebsht\u00eb vizioni q\u00eb q\u00ebndron n\u00eb themelet e Cambridge Clinical Laboratories, ndaj jemi gjithnj\u00eb t\u00eb par\u00ebt n\u00eb adoptimin e teknologjive t\u00eb reja p\u00ebr diagnostikim. Ne jemi krenar\u00eb q\u00eb kemi ngritur nj\u00eb laborator me pajisjet m\u00eb cil\u00ebsore teknologjike dhe inovative n\u00eb bot\u00eb, sic \u00ebsht\u00eb dhe sistemi Vanadis\u00ae [&hellip;]","og_url":"https:\/\/healthmag.al\/index.php\/cambridge-clinical-laboratories-sjell-liderin-global-ne-testimin-prenatal-ne-shqiperi-vanadis-nipt\/","og_site_name":"Health Mag","og_image":[{"width":1920,"height":904,"url":"https:\/\/healthmag.al\/wp-content\/uploads\/2023\/08\/ccl-boteror.jpg","type":"image\/jpeg"}],"twitter_card":"summary_large_image","twitter_misc":{"Est. reading time":"2 minutes"},"schema":{"@context":"https:\/\/schema.org","@graph":[{"@type":"WebPage","@id":"https:\/\/healthmag.al\/index.php\/cambridge-clinical-laboratories-sjell-liderin-global-ne-testimin-prenatal-ne-shqiperi-vanadis-nipt\/","url":"https:\/\/healthmag.al\/index.php\/cambridge-clinical-laboratories-sjell-liderin-global-ne-testimin-prenatal-ne-shqiperi-vanadis-nipt\/","name":"Cambridge Clinical Laboratories sjell liderin global n\u00eb testimin prenatal n\u00eb Shqip\u00ebri: Vanadis\u00ae NIPT - Health Mag","isPartOf":{"@id":"https:\/\/healthmag.al\/#website"},"primaryImageOfPage":{"@id":"https:\/\/healthmag.al\/index.php\/cambridge-clinical-laboratories-sjell-liderin-global-ne-testimin-prenatal-ne-shqiperi-vanadis-nipt\/#primaryimage"},"image":{"@id":"https:\/\/healthmag.al\/index.php\/cambridge-clinical-laboratories-sjell-liderin-global-ne-testimin-prenatal-ne-shqiperi-vanadis-nipt\/#primaryimage"},"thumbnailUrl":"https:\/\/healthmag.al\/wp-content\/uploads\/2023\/08\/ccl-boteror.jpg","datePublished":"2023-08-03T13:37:58+00:00","dateModified":"2023-08-03T13:37:58+00:00","breadcrumb":{"@id":"https:\/\/healthmag.al\/index.php\/cambridge-clinical-laboratories-sjell-liderin-global-ne-testimin-prenatal-ne-shqiperi-vanadis-nipt\/#breadcrumb"},"inLanguage":"en-US","potentialAction":[{"@type":"ReadAction","target":["https:\/\/healthmag.al\/index.php\/cambridge-clinical-laboratories-sjell-liderin-global-ne-testimin-prenatal-ne-shqiperi-vanadis-nipt\/"]}]},{"@type":"ImageObject","inLanguage":"en-US","@id":"https:\/\/healthmag.al\/index.php\/cambridge-clinical-laboratories-sjell-liderin-global-ne-testimin-prenatal-ne-shqiperi-vanadis-nipt\/#primaryimage","url":"https:\/\/healthmag.al\/wp-content\/uploads\/2023\/08\/ccl-boteror.jpg","contentUrl":"https:\/\/healthmag.al\/wp-content\/uploads\/2023\/08\/ccl-boteror.jpg","width":1920,"height":904},{"@type":"BreadcrumbList","@id":"https:\/\/healthmag.al\/index.php\/cambridge-clinical-laboratories-sjell-liderin-global-ne-testimin-prenatal-ne-shqiperi-vanadis-nipt\/#breadcrumb","itemListElement":[{"@type":"ListItem","position":1,"name":"Home","item":"https:\/\/healthmag.al\/"},{"@type":"ListItem","position":2,"name":"Cambridge Clinical Laboratories sjell liderin global n\u00eb testimin prenatal n\u00eb Shqip\u00ebri: Vanadis\u00ae NIPT"}]},{"@type":"WebSite","@id":"https:\/\/healthmag.al\/#website","url":"https:\/\/healthmag.al\/","name":"Health Mag","description":"Gjith\u00e7ka rreth sh\u00ebndetit","potentialAction":[{"@type":"SearchAction","target":{"@type":"EntryPoint","urlTemplate":"https:\/\/healthmag.al\/?s={search_term_string}"},"query-input":{"@type":"PropertyValueSpecification","valueRequired":true,"valueName":"search_term_string"}}],"inLanguage":"en-US"}]}},"_links":{"self":[{"href":"https:\/\/healthmag.al\/index.php\/wp-json\/wp\/v2\/pages\/5594","targetHints":{"allow":["GET"]}}],"collection":[{"href":"https:\/\/healthmag.al\/index.php\/wp-json\/wp\/v2\/pages"}],"about":[{"href":"https:\/\/healthmag.al\/index.php\/wp-json\/wp\/v2\/types\/page"}],"author":[{"embeddable":true,"href":"https:\/\/healthmag.al\/index.php\/wp-json\/wp\/v2\/users\/1"}],"replies":[{"embeddable":true,"href":"https:\/\/healthmag.al\/index.php\/wp-json\/wp\/v2\/comments?post=5594"}],"version-history":[{"count":1,"href":"https:\/\/healthmag.al\/index.php\/wp-json\/wp\/v2\/pages\/5594\/revisions"}],"predecessor-version":[{"id":5597,"href":"https:\/\/healthmag.al\/index.php\/wp-json\/wp\/v2\/pages\/5594\/revisions\/5597"}],"wp:featuredmedia":[{"embeddable":true,"href":"https:\/\/healthmag.al\/index.php\/wp-json\/wp\/v2\/media\/5596"}],"wp:attachment":[{"href":"https:\/\/healthmag.al\/index.php\/wp-json\/wp\/v2\/media?parent=5594"}],"curies":[{"name":"wp","href":"https:\/\/api.w.org\/{rel}","templated":true}]}}