{"id":5580,"date":"2023-08-03T12:30:43","date_gmt":"2023-08-03T10:30:43","guid":{"rendered":"https:\/\/healthmag.al\/?page_id=5580"},"modified":"2023-08-03T12:30:43","modified_gmt":"2023-08-03T10:30:43","slug":"donna-candifree","status":"publish","type":"page","link":"https:\/\/healthmag.al\/index.php\/donna-candifree\/","title":{"rendered":"Donna Candifree"},"content":{"rendered":"<p>Donna Candifree DM<\/p>\n<p>P\u00ebr t\u00eb gjitha s\u00ebmundjet vaginale<\/p>\n<p>Prona<\/p>\n<p>Xhel vaginal i p\u00ebrshtatsh\u00ebm p\u00ebr t\u00eb gjitha s\u00ebmundjet vaginale, bakteriale dhe mykotike.<\/p>\n<p>Ai jep nj\u00eb leht\u00ebsim t\u00eb shpejt\u00eb fal\u00eb veprimeve t\u00eb tij t\u00eb shumta:<\/p>\n<p>\u2022 Veprim freskues dhe rrjedhimisht qet\u00ebsues p\u00ebr shqet\u00ebsimet vaginale si acarime, djegie, kruajtje dhe fenomene t\u00eb mbindjeshm\u00ebris\u00eb. Mund t\u00eb aplikohet si nga brenda ashtu edhe nga jasht\u00eb.<\/p>\n<p>\u2022 Veprim hidratues dhe zbut\u00ebs fal\u00eb pranis\u00eb s\u00eb ekstrakteve bimore dhe acidit hialuronik, i cili redukton that\u00ebsin\u00eb duke ribalancuar mjedisin vaginal.<\/p>\n<p>\u2022 Rivendos flor\u00ebn vaginale duke mbajtur t\u00eb paprekura mbrojtjen natyrale t\u00eb vagin\u00ebs.<\/p>\n<p>\u2022 Ruan pH normal t\u00eb vagin\u00ebs, fal\u00eb acidit borik, duke e b\u00ebr\u00eb mjedisin t\u00eb pafavorsh\u00ebm p\u00ebr p\u00ebrhapjen bakteriale dhe\/ose mykotike.<\/p>\n<p>Sinergjit\u00eb<\/p>\n<p>Bazuar n\u00eb Halobor\u00ae (kompleks i acidit hialuronik dhe acidit borik) dhe acidit laktik me:<\/p>\n<p>\u2022 Ribes nigrum<\/p>\n<p>\u2022 Aloe<\/p>\n<p>\u2022 Kalendula<\/p>\n<p>\u2022 Lavander<\/p>\n<p>\u2022 Kamomile<\/p>\n<p>Doza e rekomanduar dhe m\u00ebnyra e p\u00ebrdorimit<\/p>\n<p>Ne rekomandojm\u00eb aplikimin e xhelit nj\u00eb her\u00eb n\u00eb dit\u00eb p\u00ebr 7 dit\u00eb ose sipas indikacioneve mjek\u00ebsore. P\u00ebr p\u00ebrdorim t\u00eb jasht\u00ebm dhe t\u00eb brendsh\u00ebm.<\/p>\n<p>Para aplikimit, lani duart dhe zon\u00ebn e prekur t\u00ebr\u00ebsisht. \u00cbsht\u00eb i p\u00ebrshtatsh\u00ebm si p\u00ebr femra ashtu edhe p\u00ebr meshkuj.<\/p>\n","protected":false},"excerpt":{"rendered":"<p>Donna Candifree DM P\u00ebr t\u00eb gjitha s\u00ebmundjet vaginale Prona Xhel vaginal i p\u00ebrshtatsh\u00ebm p\u00ebr t\u00eb gjitha s\u00ebmundjet vaginale, bakteriale dhe mykotike. Ai jep nj\u00eb leht\u00ebsim t\u00eb shpejt\u00eb fal\u00eb veprimeve t\u00eb tij t\u00eb shumta: \u2022 Veprim freskues dhe rrjedhimisht qet\u00ebsues p\u00ebr shqet\u00ebsimet vaginale si acarime, djegie, kruajtje dhe fenomene t\u00eb mbindjeshm\u00ebris\u00eb. Mund t\u00eb aplikohet si nga [&hellip;]<\/p>\n","protected":false},"author":1,"featured_media":5581,"parent":0,"menu_order":0,"comment_status":"closed","ping_status":"closed","template":"","meta":{"footnotes":""},"class_list":["post-5580","page","type-page","status-publish","has-post-thumbnail"],"yoast_head":"<!-- This site is optimized with the Yoast SEO plugin v23.9 - https:\/\/yoast.com\/wordpress\/plugins\/seo\/ -->\n<title>Donna Candifree - Health Mag<\/title>\n<meta name=\"robots\" content=\"index, follow, max-snippet:-1, max-image-preview:large, max-video-preview:-1\" \/>\n<link rel=\"canonical\" href=\"https:\/\/healthmag.al\/index.php\/donna-candifree\/\" \/>\n<meta property=\"og:locale\" content=\"en_US\" \/>\n<meta property=\"og:type\" content=\"article\" \/>\n<meta property=\"og:title\" content=\"Donna Candifree - Health Mag\" \/>\n<meta property=\"og:description\" content=\"Donna Candifree DM P\u00ebr t\u00eb gjitha s\u00ebmundjet vaginale Prona Xhel vaginal i p\u00ebrshtatsh\u00ebm p\u00ebr t\u00eb gjitha s\u00ebmundjet vaginale, bakteriale dhe mykotike. Ai jep nj\u00eb leht\u00ebsim t\u00eb shpejt\u00eb fal\u00eb veprimeve t\u00eb tij t\u00eb shumta: \u2022 Veprim freskues dhe rrjedhimisht qet\u00ebsues p\u00ebr shqet\u00ebsimet vaginale si acarime, djegie, kruajtje dhe fenomene t\u00eb mbindjeshm\u00ebris\u00eb. Mund t\u00eb aplikohet si nga [&hellip;]\" \/>\n<meta property=\"og:url\" content=\"https:\/\/healthmag.al\/index.php\/donna-candifree\/\" \/>\n<meta property=\"og:site_name\" content=\"Health Mag\" \/>\n<meta property=\"og:image\" content=\"https:\/\/healthmag.al\/wp-content\/uploads\/2023\/08\/DONNA_Candifree_DM.jpg\" \/>\n\t<meta property=\"og:image:width\" content=\"1080\" \/>\n\t<meta property=\"og:image:height\" content=\"1080\" \/>\n\t<meta property=\"og:image:type\" content=\"image\/jpeg\" \/>\n<meta name=\"twitter:card\" content=\"summary_large_image\" \/>\n<meta name=\"twitter:label1\" content=\"Est. reading time\" \/>\n\t<meta name=\"twitter:data1\" content=\"1 minute\" \/>\n<script type=\"application\/ld+json\" class=\"yoast-schema-graph\">{\"@context\":\"https:\/\/schema.org\",\"@graph\":[{\"@type\":\"WebPage\",\"@id\":\"https:\/\/healthmag.al\/index.php\/donna-candifree\/\",\"url\":\"https:\/\/healthmag.al\/index.php\/donna-candifree\/\",\"name\":\"Donna Candifree - Health Mag\",\"isPartOf\":{\"@id\":\"https:\/\/healthmag.al\/#website\"},\"primaryImageOfPage\":{\"@id\":\"https:\/\/healthmag.al\/index.php\/donna-candifree\/#primaryimage\"},\"image\":{\"@id\":\"https:\/\/healthmag.al\/index.php\/donna-candifree\/#primaryimage\"},\"thumbnailUrl\":\"https:\/\/healthmag.al\/wp-content\/uploads\/2023\/08\/DONNA_Candifree_DM.jpg\",\"datePublished\":\"2023-08-03T10:30:43+00:00\",\"dateModified\":\"2023-08-03T10:30:43+00:00\",\"breadcrumb\":{\"@id\":\"https:\/\/healthmag.al\/index.php\/donna-candifree\/#breadcrumb\"},\"inLanguage\":\"en-US\",\"potentialAction\":[{\"@type\":\"ReadAction\",\"target\":[\"https:\/\/healthmag.al\/index.php\/donna-candifree\/\"]}]},{\"@type\":\"ImageObject\",\"inLanguage\":\"en-US\",\"@id\":\"https:\/\/healthmag.al\/index.php\/donna-candifree\/#primaryimage\",\"url\":\"https:\/\/healthmag.al\/wp-content\/uploads\/2023\/08\/DONNA_Candifree_DM.jpg\",\"contentUrl\":\"https:\/\/healthmag.al\/wp-content\/uploads\/2023\/08\/DONNA_Candifree_DM.jpg\",\"width\":1080,\"height\":1080},{\"@type\":\"BreadcrumbList\",\"@id\":\"https:\/\/healthmag.al\/index.php\/donna-candifree\/#breadcrumb\",\"itemListElement\":[{\"@type\":\"ListItem\",\"position\":1,\"name\":\"Home\",\"item\":\"https:\/\/healthmag.al\/\"},{\"@type\":\"ListItem\",\"position\":2,\"name\":\"Donna Candifree\"}]},{\"@type\":\"WebSite\",\"@id\":\"https:\/\/healthmag.al\/#website\",\"url\":\"https:\/\/healthmag.al\/\",\"name\":\"Health Mag\",\"description\":\"Gjith\u00e7ka rreth sh\u00ebndetit\",\"potentialAction\":[{\"@type\":\"SearchAction\",\"target\":{\"@type\":\"EntryPoint\",\"urlTemplate\":\"https:\/\/healthmag.al\/?s={search_term_string}\"},\"query-input\":{\"@type\":\"PropertyValueSpecification\",\"valueRequired\":true,\"valueName\":\"search_term_string\"}}],\"inLanguage\":\"en-US\"}]}<\/script>\n<!-- \/ Yoast SEO plugin. -->","yoast_head_json":{"title":"Donna Candifree - Health Mag","robots":{"index":"index","follow":"follow","max-snippet":"max-snippet:-1","max-image-preview":"max-image-preview:large","max-video-preview":"max-video-preview:-1"},"canonical":"https:\/\/healthmag.al\/index.php\/donna-candifree\/","og_locale":"en_US","og_type":"article","og_title":"Donna Candifree - Health Mag","og_description":"Donna Candifree DM P\u00ebr t\u00eb gjitha s\u00ebmundjet vaginale Prona Xhel vaginal i p\u00ebrshtatsh\u00ebm p\u00ebr t\u00eb gjitha s\u00ebmundjet vaginale, bakteriale dhe mykotike. Ai jep nj\u00eb leht\u00ebsim t\u00eb shpejt\u00eb fal\u00eb veprimeve t\u00eb tij t\u00eb shumta: \u2022 Veprim freskues dhe rrjedhimisht qet\u00ebsues p\u00ebr shqet\u00ebsimet vaginale si acarime, djegie, kruajtje dhe fenomene t\u00eb mbindjeshm\u00ebris\u00eb. Mund t\u00eb aplikohet si nga [&hellip;]","og_url":"https:\/\/healthmag.al\/index.php\/donna-candifree\/","og_site_name":"Health Mag","og_image":[{"width":1080,"height":1080,"url":"https:\/\/healthmag.al\/wp-content\/uploads\/2023\/08\/DONNA_Candifree_DM.jpg","type":"image\/jpeg"}],"twitter_card":"summary_large_image","twitter_misc":{"Est. reading time":"1 minute"},"schema":{"@context":"https:\/\/schema.org","@graph":[{"@type":"WebPage","@id":"https:\/\/healthmag.al\/index.php\/donna-candifree\/","url":"https:\/\/healthmag.al\/index.php\/donna-candifree\/","name":"Donna Candifree - Health Mag","isPartOf":{"@id":"https:\/\/healthmag.al\/#website"},"primaryImageOfPage":{"@id":"https:\/\/healthmag.al\/index.php\/donna-candifree\/#primaryimage"},"image":{"@id":"https:\/\/healthmag.al\/index.php\/donna-candifree\/#primaryimage"},"thumbnailUrl":"https:\/\/healthmag.al\/wp-content\/uploads\/2023\/08\/DONNA_Candifree_DM.jpg","datePublished":"2023-08-03T10:30:43+00:00","dateModified":"2023-08-03T10:30:43+00:00","breadcrumb":{"@id":"https:\/\/healthmag.al\/index.php\/donna-candifree\/#breadcrumb"},"inLanguage":"en-US","potentialAction":[{"@type":"ReadAction","target":["https:\/\/healthmag.al\/index.php\/donna-candifree\/"]}]},{"@type":"ImageObject","inLanguage":"en-US","@id":"https:\/\/healthmag.al\/index.php\/donna-candifree\/#primaryimage","url":"https:\/\/healthmag.al\/wp-content\/uploads\/2023\/08\/DONNA_Candifree_DM.jpg","contentUrl":"https:\/\/healthmag.al\/wp-content\/uploads\/2023\/08\/DONNA_Candifree_DM.jpg","width":1080,"height":1080},{"@type":"BreadcrumbList","@id":"https:\/\/healthmag.al\/index.php\/donna-candifree\/#breadcrumb","itemListElement":[{"@type":"ListItem","position":1,"name":"Home","item":"https:\/\/healthmag.al\/"},{"@type":"ListItem","position":2,"name":"Donna Candifree"}]},{"@type":"WebSite","@id":"https:\/\/healthmag.al\/#website","url":"https:\/\/healthmag.al\/","name":"Health Mag","description":"Gjith\u00e7ka rreth sh\u00ebndetit","potentialAction":[{"@type":"SearchAction","target":{"@type":"EntryPoint","urlTemplate":"https:\/\/healthmag.al\/?s={search_term_string}"},"query-input":{"@type":"PropertyValueSpecification","valueRequired":true,"valueName":"search_term_string"}}],"inLanguage":"en-US"}]}},"_links":{"self":[{"href":"https:\/\/healthmag.al\/index.php\/wp-json\/wp\/v2\/pages\/5580","targetHints":{"allow":["GET"]}}],"collection":[{"href":"https:\/\/healthmag.al\/index.php\/wp-json\/wp\/v2\/pages"}],"about":[{"href":"https:\/\/healthmag.al\/index.php\/wp-json\/wp\/v2\/types\/page"}],"author":[{"embeddable":true,"href":"https:\/\/healthmag.al\/index.php\/wp-json\/wp\/v2\/users\/1"}],"replies":[{"embeddable":true,"href":"https:\/\/healthmag.al\/index.php\/wp-json\/wp\/v2\/comments?post=5580"}],"version-history":[{"count":1,"href":"https:\/\/healthmag.al\/index.php\/wp-json\/wp\/v2\/pages\/5580\/revisions"}],"predecessor-version":[{"id":5582,"href":"https:\/\/healthmag.al\/index.php\/wp-json\/wp\/v2\/pages\/5580\/revisions\/5582"}],"wp:featuredmedia":[{"embeddable":true,"href":"https:\/\/healthmag.al\/index.php\/wp-json\/wp\/v2\/media\/5581"}],"wp:attachment":[{"href":"https:\/\/healthmag.al\/index.php\/wp-json\/wp\/v2\/media?parent=5580"}],"curies":[{"name":"wp","href":"https:\/\/api.w.org\/{rel}","templated":true}]}}